{"id":205,"date":"2021-03-03T14:57:19","date_gmt":"2021-03-03T14:57:19","guid":{"rendered":"https:\/\/amre.pt\/go\/?page_id=205"},"modified":"2021-03-03T14:57:19","modified_gmt":"2021-03-03T14:57:19","slug":"termos-e-condicoes-de-utilizacao","status":"publish","type":"page","link":"https:\/\/amre.pt\/go\/termos-e-condicoes-de-utilizacao\/","title":{"rendered":"Termos e Condi\u00e7\u00f5es de Utiliza\u00e7\u00e3o"},"content":{"rendered":"","protected":false},"excerpt":{"rendered":"","protected":false},"author":1,"featured_media":0,"parent":0,"menu_order":0,"comment_status":"closed","ping_status":"closed","template":"","meta":[],"_links":{"self":[{"href":"https:\/\/amre.pt\/go\/wp-json\/wp\/v2\/pages\/205"}],"collection":[{"href":"https:\/\/amre.pt\/go\/wp-json\/wp\/v2\/pages"}],"about":[{"href":"https:\/\/amre.pt\/go\/wp-json\/wp\/v2\/types\/page"}],"author":[{"embeddable":true,"href":"https:\/\/amre.pt\/go\/wp-json\/wp\/v2\/users\/1"}],"replies":[{"embeddable":true,"href":"https:\/\/amre.pt\/go\/wp-json\/wp\/v2\/comments?post=205"}],"version-history":[{"count":1,"href":"https:\/\/amre.pt\/go\/wp-json\/wp\/v2\/pages\/205\/revisions"}],"predecessor-version":[{"id":328,"href":"https:\/\/amre.pt\/go\/wp-json\/wp\/v2\/pages\/205\/revisions\/328"}],"wp:attachment":[{"href":"https:\/\/amre.pt\/go\/wp-json\/wp\/v2\/media?parent=205"}],"curies":[{"name":"wp","href":"https:\/\/api.w.org\/{rel}","templated":true}]}}